{"id":29,"date":"2022-03-29T11:53:09","date_gmt":"2022-03-29T11:53:09","guid":{"rendered":"https:\/\/sandbox.matheratte.ch\/?page_id=29"},"modified":"2022-05-30T06:56:58","modified_gmt":"2022-05-30T06:56:58","slug":"kontakt","status":"publish","type":"page","link":"https:\/\/staging.matheratte.ch\/?page_id=29","title":{"rendered":"Kontakt"},"content":{"rendered":"\n<div class=\"wp-block-media-text alignwide is-stacked-on-mobile is-vertically-aligned-top\"><figure class=\"wp-block-media-text__media\"><img loading=\"lazy\" width=\"500\" height=\"560\" src=\"https:\/\/staging.matheratte.ch\/wp-content\/uploads\/2022\/04\/map.jpg\" alt=\"\" class=\"wp-image-124 size-full\" srcset=\"https:\/\/staging.matheratte.ch\/wp-content\/uploads\/2022\/04\/map.jpg 500w, https:\/\/staging.matheratte.ch\/wp-content\/uploads\/2022\/04\/map-268x300.jpg 268w\" sizes=\"(max-width: 500px) 100vw, 500px\" \/><\/figure><div class=\"wp-block-media-text__content\">\n<h1>Kontakt<\/h1>\n\n\n\n<p>Therapien werden ab dem 22. August 2022 (nach den Sommerferien) in Z\u00fcrich City stattfinden. \u00dcber Ihre Kontaktaufnahme f\u00fcr die Planung einer m\u00f6glichen Therapie freue ich mich schon jetzt.<\/p>\n\n\n\n<p>Kathrin St\u00e4rk<br>Ph\u00f6nixweg 6<br>8032 Z\u00fcrich<\/p>\n\n\n\n<p><a href=\"mailto:info@matheratte.ch\">info@matheratte.ch<\/a><\/p>\n\n\n\n<p><\/p>\n<\/div><\/div>\n\n\n\n<p><\/p>\n","protected":false},"excerpt":{"rendered":"<p>Kontakt Therapien werden ab dem 22. August 2022 (nach den Sommerferien) in Z\u00fcrich City stattfinden. \u00dcber Ihre Kontaktaufnahme f\u00fcr die Planung einer m\u00f6glichen Therapie freue ich mich schon jetzt. Kathrin St\u00e4rkPh\u00f6nixweg 68032 Z\u00fcrich info@matheratte.ch<\/p>\n","protected":false},"author":1,"featured_media":0,"parent":0,"menu_order":0,"comment_status":"closed","ping_status":"closed","template":"","meta":[],"_links":{"self":[{"href":"https:\/\/staging.matheratte.ch\/index.php?rest_route=\/wp\/v2\/pages\/29"}],"collection":[{"href":"https:\/\/staging.matheratte.ch\/index.php?rest_route=\/wp\/v2\/pages"}],"about":[{"href":"https:\/\/staging.matheratte.ch\/index.php?rest_route=\/wp\/v2\/types\/page"}],"author":[{"embeddable":true,"href":"https:\/\/staging.matheratte.ch\/index.php?rest_route=\/wp\/v2\/users\/1"}],"replies":[{"embeddable":true,"href":"https:\/\/staging.matheratte.ch\/index.php?rest_route=%2Fwp%2Fv2%2Fcomments&post=29"}],"version-history":[{"count":9,"href":"https:\/\/staging.matheratte.ch\/index.php?rest_route=\/wp\/v2\/pages\/29\/revisions"}],"predecessor-version":[{"id":238,"href":"https:\/\/staging.matheratte.ch\/index.php?rest_route=\/wp\/v2\/pages\/29\/revisions\/238"}],"wp:attachment":[{"href":"https:\/\/staging.matheratte.ch\/index.php?rest_route=%2Fwp%2Fv2%2Fmedia&parent=29"}],"curies":[{"name":"wp","href":"https:\/\/api.w.org\/{rel}","templated":true}]}}