{"id":107,"date":"2022-04-30T15:43:17","date_gmt":"2022-04-30T15:43:17","guid":{"rendered":"https:\/\/sandbox.matheratte.ch\/?page_id=107"},"modified":"2022-05-01T06:07:06","modified_gmt":"2022-05-01T06:07:06","slug":"datenschutz","status":"publish","type":"page","link":"https:\/\/staging.matheratte.ch\/?page_id=107","title":{"rendered":"Datenschutz"},"content":{"rendered":"\n<div class=\"wp-container-1 wp-block-group alignwide\">\n<p class=\"has-large-font-size\">Datenschutz<\/p>\n\n\n\n<p class=\"has-medium-font-size\">Diese Seite nutzt aus Sicherheitsgr\u00fcnden und zum Schutz der \u00dcbertragung vertraulicher Inhalte eine SSL- bzw. TLS-Verschl\u00fcsselung.\u00a0<\/p>\n\n\n\n<p><\/p>\n<\/div>\n\n\n\n<p><\/p>\n","protected":false},"excerpt":{"rendered":"<p>Datenschutz Diese Seite nutzt aus Sicherheitsgr\u00fcnden und zum Schutz der \u00dcbertragung vertraulicher Inhalte eine SSL- bzw. TLS-Verschl\u00fcsselung.\u00a0<\/p>\n","protected":false},"author":1,"featured_media":0,"parent":0,"menu_order":0,"comment_status":"closed","ping_status":"closed","template":"","meta":[],"_links":{"self":[{"href":"https:\/\/staging.matheratte.ch\/index.php?rest_route=\/wp\/v2\/pages\/107"}],"collection":[{"href":"https:\/\/staging.matheratte.ch\/index.php?rest_route=\/wp\/v2\/pages"}],"about":[{"href":"https:\/\/staging.matheratte.ch\/index.php?rest_route=\/wp\/v2\/types\/page"}],"author":[{"embeddable":true,"href":"https:\/\/staging.matheratte.ch\/index.php?rest_route=\/wp\/v2\/users\/1"}],"replies":[{"embeddable":true,"href":"https:\/\/staging.matheratte.ch\/index.php?rest_route=%2Fwp%2Fv2%2Fcomments&post=107"}],"version-history":[{"count":5,"href":"https:\/\/staging.matheratte.ch\/index.php?rest_route=\/wp\/v2\/pages\/107\/revisions"}],"predecessor-version":[{"id":209,"href":"https:\/\/staging.matheratte.ch\/index.php?rest_route=\/wp\/v2\/pages\/107\/revisions\/209"}],"wp:attachment":[{"href":"https:\/\/staging.matheratte.ch\/index.php?rest_route=%2Fwp%2Fv2%2Fmedia&parent=107"}],"curies":[{"name":"wp","href":"https:\/\/api.w.org\/{rel}","templated":true}]}}